{"id":509,"date":"2026-01-27T10:51:40","date_gmt":"2026-01-27T09:51:40","guid":{"rendered":"https:\/\/accn.archi.fr\/?page_id=509"},"modified":"2026-03-27T15:25:46","modified_gmt":"2026-03-27T14:25:46","slug":"rejoignez-le-reseau","status":"publish","type":"page","link":"https:\/\/accn.archi.fr\/?page_id=509","title":{"rendered":"REJOIGNEZ LE R\u00c9SEAU"},"content":{"rendered":"\n<p><\/p>\n\n\n\n<p>Le r\u00e9seau A.C.C.N. rassemble des enseignants, des chercheurs et des professionnels engag\u00e9s dans le champ du num\u00e9rique en architecture. <strong>Pour vous inscrire au r\u00e9seau, veuillez remplir le formulaire ci-dessous.<\/strong> Un e-mail sera envoy\u00e9 aux responsables du r\u00e9seau qui valideront votre inscription.<\/p>\n\n\n\n<div style=\"height:33px\" aria-hidden=\"true\" class=\"wp-block-spacer\"><\/div>\n\n\n<div class=\"wp-block-jetpack-contact-form\"><a href=\"https:\/\/accn.archi.fr\/?page_id=509\" target=\"_blank\" rel=\"noopener noreferrer\">Soumettre un formulaire.<\/a><\/div>\n\n\n<p><br><\/p>\n","protected":false},"excerpt":{"rendered":"<p>Le r\u00e9seau A.C.C.N. rassemble des enseignants, des chercheurs et des professionnels engag\u00e9s dans le champ du num\u00e9rique en architecture. Pour vous inscrire au r\u00e9seau, veuillez remplir le formulaire ci-dessous. Un e-mail sera envoy\u00e9 aux responsables du r\u00e9seau qui valideront votre inscription.<\/p>\n","protected":false},"author":7,"featured_media":0,"parent":0,"menu_order":0,"comment_status":"closed","ping_status":"closed","template":"","meta":{"footnotes":""},"class_list":["post-509","page","type-page","status-publish","hentry"],"jetpack_sharing_enabled":true,"_links":{"self":[{"href":"https:\/\/accn.archi.fr\/index.php?rest_route=\/wp\/v2\/pages\/509","targetHints":{"allow":["GET"]}}],"collection":[{"href":"https:\/\/accn.archi.fr\/index.php?rest_route=\/wp\/v2\/pages"}],"about":[{"href":"https:\/\/accn.archi.fr\/index.php?rest_route=\/wp\/v2\/types\/page"}],"author":[{"embeddable":true,"href":"https:\/\/accn.archi.fr\/index.php?rest_route=\/wp\/v2\/users\/7"}],"replies":[{"embeddable":true,"href":"https:\/\/accn.archi.fr\/index.php?rest_route=%2Fwp%2Fv2%2Fcomments&post=509"}],"version-history":[{"count":16,"href":"https:\/\/accn.archi.fr\/index.php?rest_route=\/wp\/v2\/pages\/509\/revisions"}],"predecessor-version":[{"id":748,"href":"https:\/\/accn.archi.fr\/index.php?rest_route=\/wp\/v2\/pages\/509\/revisions\/748"}],"wp:attachment":[{"href":"https:\/\/accn.archi.fr\/index.php?rest_route=%2Fwp%2Fv2%2Fmedia&parent=509"}],"curies":[{"name":"wp","href":"https:\/\/api.w.org\/{rel}","templated":true}]}}